{"id":963,"date":"2025-08-02T15:10:28","date_gmt":"2025-08-02T13:10:28","guid":{"rendered":"https:\/\/www.madumayu.com\/?page_id=963"},"modified":"2025-08-03T11:21:42","modified_gmt":"2025-08-03T09:21:42","slug":"blog","status":"publish","type":"page","link":"https:\/\/www.madumayu.com\/de\/blog\/","title":{"rendered":"Blog"},"content":{"rendered":"<p>[et_pb_section fb_built=&#8220;1&#8243; _builder_version=&#8220;4.27.4&#8243; background_color=&#8220;#f4f1ec&#8220; background_image=&#8220;https:\/\/www.madumayu.com\/wp-content\/uploads\/2025\/03\/influencer-41-1.jpg&#8220; parallax=&#8220;on&#8220; locked=&#8220;off&#8220; global_colors_info=&#8220;{}&#8220;][et_pb_row _builder_version=&#8220;4.27.4&#8243; global_colors_info=&#8220;{}&#8220;][et_pb_column type=&#8220;4_4&#8243; _builder_version=&#8220;4.16&#8243; global_colors_info=&#8220;{}&#8220;][et_pb_text _builder_version=&#8220;4.27.4&#8243; text_font=&#8220;Lato||||||||&#8220; text_text_color=&#8220;#6d7c90&#8243; text_font_size=&#8220;18px&#8220; text_line_height=&#8220;1.8em&#8220; header_font=&#8220;Lato|700|||||||&#8220; header_font_size=&#8220;40px&#8220; header_line_height=&#8220;1.3em&#8220; text_orientation=&#8220;center&#8220; custom_margin=&#8220;||15px||false|false&#8220; text_font_size_tablet=&#8220;17px&#8220; text_font_size_phone=&#8220;15px&#8220; text_font_size_last_edited=&#8220;on|desktop&#8220; text_line_height_tablet=&#8220;&#8220; text_line_height_phone=&#8220;1.6em&#8220; text_line_height_last_edited=&#8220;on|phone&#8220; header_font_size_tablet=&#8220;32px&#8220; header_font_size_phone=&#8220;24px&#8220; header_font_size_last_edited=&#8220;on|desktop&#8220; global_colors_info=&#8220;{}&#8220;]<\/p>\n<h1>MADUMAYU | BLOG<\/h1>\n<p>[\/et_pb_text][et_pb_text _builder_version=&#8220;4.27.4&#8243; text_font=&#8220;Lato||||||||&#8220; text_text_color=&#8220;#6d7c90&#8243; text_font_size=&#8220;18px&#8220; text_line_height=&#8220;1.8em&#8220; text_orientation=&#8220;center&#8220; max_width=&#8220;850px&#8220; module_alignment=&#8220;center&#8220; hover_enabled=&#8220;0&#8243; text_font_size_tablet=&#8220;17px&#8220; text_font_size_phone=&#8220;15px&#8220; text_font_size_last_edited=&#8220;on|tablet&#8220; text_line_height_tablet=&#8220;&#8220; text_line_height_phone=&#8220;1.6em&#8220; text_line_height_last_edited=&#8220;on|phone&#8220; global_colors_info=&#8220;{}&#8220; sticky_enabled=&#8220;0&#8243;]<\/p>\n<p>Willkommen in meinem Blog! ich w\u00fcnsche Dir viel Spa\u00df beim Lesen und Ausprobieren!<\/p>\n<p>[\/et_pb_text][et_pb_search show_button=&#8220;off&#8220; placeholder=&#8220;Suche nach Beitr\u00e4gen&#8230;&#8220; placeholder_color=&#8220;rgba(109,124,144,0.6)&#8220; _builder_version=&#8220;4.27.4&#8243; form_field_background_color=&#8220;rgba(109,124,144,0.1)&#8220; form_field_font=&#8220;Lato|700|||||||&#8220; form_field_font_size=&#8220;15px&#8220; form_field_letter_spacing=&#8220;0.5px&#8220; max_width=&#8220;400px&#8220; module_alignment=&#8220;center&#8220; custom_padding=&#8220;14px|16px|14px|16px|true|true&#8220; border_radii=&#8220;on|5px|5px|5px|5px&#8220; border_width_all=&#8220;2px&#8220; border_color_all=&#8220;rgba(0,0,0,0)&#8220; global_colors_info=&#8220;{}&#8220; border_color_all__hover_enabled=&#8220;on|hover&#8220; border_color_all__hover=&#8220;#3776ff&#8220;][\/et_pb_search][\/et_pb_column][\/et_pb_row][et_pb_row _builder_version=&#8220;4.27.4&#8243; _module_preset=&#8220;default&#8220; global_colors_info=&#8220;{}&#8220;][et_pb_column type=&#8220;4_4&#8243; _builder_version=&#8220;4.27.4&#8243; _module_preset=&#8220;default&#8220; global_colors_info=&#8220;{}&#8220;][et_pb_text _builder_version=&#8220;4.27.4&#8243; _module_preset=&#8220;default&#8220; global_colors_info=&#8220;{}&#8220;]<\/p>\n<h1>Die neusten Beitr\u00e4ge<\/h1>\n<p>[\/et_pb_text][et_pb_blog fullwidth=&#8220;off&#8220; posts_number=&#8220;3&#8243; include_categories=&#8220;all&#8220; show_categories=&#8220;off&#8220; show_excerpt=&#8220;off&#8220; show_pagination=&#8220;off&#8220; _builder_version=&#8220;4.27.4&#8243; header_font=&#8220;Lato|700|||||||&#8220; header_font_size=&#8220;17px&#8220; header_line_height=&#8220;1.3em&#8220; body_font=&#8220;Lato||||||||&#8220; body_text_color=&#8220;#6d7c90&#8243; body_font_size=&#8220;15px&#8220; body_line_height=&#8220;1.8em&#8220; meta_font=&#8220;Lato|700|||||||&#8220; meta_text_color=&#8220;rgba(109,124,144,0.56)&#8220; meta_font_size=&#8220;13px&#8220; read_more_font=&#8220;Lato|800||on|||||&#8220; read_more_text_color=&#8220;#3776ff&#8220; read_more_font_size=&#8220;12px&#8220; read_more_letter_spacing=&#8220;1px&#8220; pagination_font=&#8220;Lato|700||on|||||&#8220; pagination_text_color=&#8220;#000000&#8243; pagination_font_size=&#8220;19px&#8220; pagination_letter_spacing=&#8220;1px&#8220; header_font_size_tablet=&#8220;15px&#8220; header_font_size_phone=&#8220;14px&#8220; header_font_size_last_edited=&#8220;on|phone&#8220; custom_css_read_more=&#8220;display: block;||margin-top: 16px;&#8220; border_radii=&#8220;on|8px|8px|8px|8px&#8220; border_width_all=&#8220;0px&#8220; box_shadow_style=&#8220;preset1&#8243; box_shadow_vertical=&#8220;10px&#8220; box_shadow_blur=&#8220;60px&#8220; box_shadow_color=&#8220;rgba(103,151,255,0.24)&#8220; locked=&#8220;off&#8220; global_colors_info=&#8220;{}&#8220;][\/et_pb_blog][\/et_pb_column][\/et_pb_row][\/et_pb_section][et_pb_section fb_built=&#8220;1&#8243; fullwidth=&#8220;on&#8220; _builder_version=&#8220;4.27.4&#8243; _module_preset=&#8220;default&#8220; locked=&#8220;off&#8220; global_colors_info=&#8220;{}&#8220;][et_pb_fullwidth_post_slider show_meta=&#8220;off&#8220; _builder_version=&#8220;4.27.4&#8243; _module_preset=&#8220;default&#8220; header_font=&#8220;|800|||||||&#8220; header_line_height=&#8220;1.2em&#8220; body_text_align=&#8220;center&#8220; body_font_size=&#8220;24px&#8220; body_line_height=&#8220;1.3em&#8220; background_color=&#8220;#FA9508&#8243; header_text_shadow_style=&#8220;preset5&#8243; body_text_shadow_style=&#8220;preset5&#8243; meta_text_shadow_style=&#8220;preset5&#8243; global_colors_info=&#8220;{}&#8220;][\/et_pb_fullwidth_post_slider][\/et_pb_section][et_pb_section fb_built=&#8220;1&#8243; _builder_version=&#8220;4.27.4&#8243; background_color=&#8220;#f4f1ec&#8220; background_image=&#8220;https:\/\/www.madumayu.com\/wp-content\/uploads\/2025\/03\/influencer-08.png&#8220; background_size=&#8220;contain&#8220; custom_padding=&#8220;0px||0px|||&#8220; locked=&#8220;off&#8220; global_colors_info=&#8220;{}&#8220;][et_pb_row column_structure=&#8220;3_4,1_4&#8243; use_custom_gutter=&#8220;on&#8220; gutter_width=&#8220;2&#8243; _builder_version=&#8220;4.27.4&#8243; global_colors_info=&#8220;{}&#8220;][et_pb_column type=&#8220;3_4&#8243; _builder_version=&#8220;4.27.4&#8243; custom_css_main_element=&#8220;width: 100% !important;&#8220; global_colors_info=&#8220;{}&#8220;][et_pb_blog fullwidth=&#8220;off&#8220; posts_number=&#8220;6&#8243; show_more=&#8220;on&#8220; show_comments=&#8220;on&#8220; _builder_version=&#8220;4.27.4&#8243; header_font=&#8220;Lato|700|||||||&#8220; header_font_size=&#8220;17px&#8220; header_line_height=&#8220;1.3em&#8220; body_font=&#8220;Lato||||||||&#8220; body_text_color=&#8220;#6d7c90&#8243; body_font_size=&#8220;15px&#8220; body_line_height=&#8220;1.8em&#8220; meta_font=&#8220;Lato|700|||||||&#8220; meta_text_color=&#8220;rgba(109,124,144,0.56)&#8220; meta_font_size=&#8220;13px&#8220; read_more_font=&#8220;Lato|800||on|||||&#8220; read_more_text_color=&#8220;#3776ff&#8220; read_more_font_size=&#8220;12px&#8220; read_more_letter_spacing=&#8220;1px&#8220; pagination_font=&#8220;Lato|700||on|||||&#8220; pagination_text_color=&#8220;#000000&#8243; pagination_font_size=&#8220;19px&#8220; pagination_letter_spacing=&#8220;1px&#8220; header_font_size_tablet=&#8220;15px&#8220; header_font_size_phone=&#8220;14px&#8220; header_font_size_last_edited=&#8220;on|phone&#8220; custom_css_read_more=&#8220;display: block;||margin-top: 16px;&#8220; border_radii=&#8220;on|8px|8px|8px|8px&#8220; border_width_all=&#8220;0px&#8220; box_shadow_style=&#8220;preset1&#8243; box_shadow_vertical=&#8220;10px&#8220; box_shadow_blur=&#8220;60px&#8220; box_shadow_color=&#8220;rgba(103,151,255,0.24)&#8220; locked=&#8220;off&#8220; global_colors_info=&#8220;{}&#8220;][\/et_pb_blog][et_pb_blog fullwidth=&#8220;off&#8220; posts_number=&#8220;12&#8243; show_thumbnail=&#8220;off&#8220; show_excerpt=&#8220;off&#8220; show_pagination=&#8220;off&#8220; offset_number=&#8220;6&#8243; _builder_version=&#8220;4.27.4&#8243; header_font=&#8220;Lato|700|||||||&#8220; header_font_size=&#8220;17px&#8220; header_line_height=&#8220;1.3em&#8220; body_font=&#8220;Lato||||||||&#8220; body_text_color=&#8220;#6d7c90&#8243; body_font_size=&#8220;15px&#8220; body_line_height=&#8220;1.8em&#8220; meta_font=&#8220;Lato|700|||||||&#8220; meta_text_color=&#8220;rgba(109,124,144,0.56)&#8220; meta_font_size=&#8220;13px&#8220; read_more_font=&#8220;Lato|800||on|||||&#8220; read_more_text_color=&#8220;#3776ff&#8220; read_more_font_size=&#8220;12px&#8220; read_more_letter_spacing=&#8220;1px&#8220; pagination_font=&#8220;Lato|700||on|||||&#8220; pagination_text_color=&#8220;#000000&#8243; pagination_font_size=&#8220;19px&#8220; pagination_letter_spacing=&#8220;1px&#8220; header_font_size_tablet=&#8220;15px&#8220; header_font_size_phone=&#8220;14px&#8220; header_font_size_last_edited=&#8220;on|phone&#8220; custom_css_read_more=&#8220;display: block;||margin-top: 16px;&#8220; border_radii=&#8220;on|8px|8px|8px|8px&#8220; border_width_all=&#8220;0px&#8220; box_shadow_style=&#8220;preset1&#8243; box_shadow_vertical=&#8220;10px&#8220; box_shadow_blur=&#8220;60px&#8220; box_shadow_color=&#8220;rgba(103,151,255,0.24)&#8220; locked=&#8220;off&#8220; global_colors_info=&#8220;{}&#8220;][\/et_pb_blog][\/et_pb_column][et_pb_column type=&#8220;1_4&#8243; _builder_version=&#8220;4.16&#8243; global_colors_info=&#8220;{}&#8220;][\/et_pb_column][\/et_pb_row][et_pb_row _builder_version=&#8220;4.16&#8243; global_colors_info=&#8220;{}&#8220;][et_pb_column type=&#8220;4_4&#8243; _builder_version=&#8220;4.16&#8243; global_colors_info=&#8220;{}&#8220;][et_pb_sidebar _builder_version=&#8220;4.16&#8243; header_font=&#8220;Lato|700|||||||&#8220; header_font_size=&#8220;17px&#8220; header_line_height=&#8220;1.3em&#8220; body_font=&#8220;Lato||||||||&#8220; body_text_color=&#8220;#3776ff&#8220; body_font_size=&#8220;17px&#8220; custom_padding=&#8220;|0px|||false|false&#8220; header_font_size_tablet=&#8220;15px&#8220; header_font_size_phone=&#8220;14px&#8220; header_font_size_last_edited=&#8220;on|phone&#8220; border_color_all=&#8220;rgba(0,0,0,0)&#8220; global_colors_info=&#8220;{}&#8220;][\/et_pb_sidebar][\/et_pb_column][\/et_pb_row][\/et_pb_section]<\/p>\n","protected":false},"excerpt":{"rendered":"<p>MADUMAYU | BLOGWillkommen in meinem Blog! ich w\u00fcnsche Dir viel Spa\u00df beim Lesen und Ausprobieren!Die neusten Beitr\u00e4ge<\/p>\n","protected":false},"author":1,"featured_media":0,"parent":0,"menu_order":0,"comment_status":"closed","ping_status":"closed","template":"","meta":{"_et_pb_use_builder":"on","_et_pb_old_content":"","_et_gb_content_width":"","footnotes":""},"class_list":["post-963","page","type-page","status-publish","hentry"],"yoast_head":"<!-- This site is optimized with the Yoast SEO plugin v27.3 - https:\/\/yoast.com\/product\/yoast-seo-wordpress\/ -->\n<title>Blog | MaDuMayu<\/title>\n<meta name=\"description\" content=\"Entdecke die neusten Beitr\u00e4ge auf dem MADUMAYU Blog! Lass dich inspirieren, finde hilfreiche Tipps und spannende Inhalte aus allen Kategorien. Jetzt st\u00f6bern und ausprobieren!\" \/>\n<meta name=\"robots\" content=\"index, follow, max-snippet:-1, max-image-preview:large, max-video-preview:-1\" \/>\n<link rel=\"canonical\" href=\"https:\/\/www.madumayu.com\/de\/blog\/\" \/>\n<meta property=\"og:locale\" content=\"de_DE\" \/>\n<meta property=\"og:type\" content=\"article\" \/>\n<meta property=\"og:title\" content=\"Blog | MaDuMayu\" \/>\n<meta property=\"og:description\" content=\"Entdecke die neusten Beitr\u00e4ge auf dem MADUMAYU Blog! Lass dich inspirieren, finde hilfreiche Tipps und spannende Inhalte aus allen Kategorien. Jetzt st\u00f6bern und ausprobieren!\" \/>\n<meta property=\"og:url\" content=\"https:\/\/www.madumayu.com\/de\/blog\/\" \/>\n<meta property=\"og:site_name\" content=\"MaDuMayu\" \/>\n<meta property=\"article:publisher\" content=\"https:\/\/www.facebook.com\/MaDuMayu.official\" \/>\n<meta property=\"article:modified_time\" content=\"2025-08-03T09:21:42+00:00\" \/>\n<meta property=\"og:image\" content=\"https:\/\/www.madumayu.com\/wp-content\/uploads\/2025\/08\/madumayu_standard_post_image-4.jpg\" \/>\n\t<meta property=\"og:image:width\" content=\"1200\" \/>\n\t<meta property=\"og:image:height\" content=\"675\" \/>\n\t<meta property=\"og:image:type\" content=\"image\/jpeg\" \/>\n<meta name=\"twitter:card\" content=\"summary_large_image\" \/>\n<meta name=\"twitter:label1\" content=\"Gesch\u00e4tzte Lesezeit\" \/>\n\t<meta name=\"twitter:data1\" content=\"4\u00a0Minuten\" \/>\n<script type=\"application\/ld+json\" class=\"yoast-schema-graph\">{\"@context\":\"https:\\\/\\\/schema.org\",\"@graph\":[{\"@type\":[\"WebPage\",\"CollectionPage\"],\"@id\":\"https:\\\/\\\/www.madumayu.com\\\/de\\\/blog\\\/\",\"url\":\"https:\\\/\\\/www.madumayu.com\\\/de\\\/blog\\\/\",\"name\":\"Blog | MaDuMayu\",\"isPartOf\":{\"@id\":\"https:\\\/\\\/www.madumayu.com\\\/de\\\/#website\"},\"datePublished\":\"2025-08-02T13:10:28+00:00\",\"dateModified\":\"2025-08-03T09:21:42+00:00\",\"description\":\"Entdecke die neusten Beitr\u00e4ge auf dem MADUMAYU Blog! Lass dich inspirieren, finde hilfreiche Tipps und spannende Inhalte aus allen Kategorien. Jetzt st\u00f6bern und ausprobieren!\",\"breadcrumb\":{\"@id\":\"https:\\\/\\\/www.madumayu.com\\\/de\\\/blog\\\/#breadcrumb\"},\"inLanguage\":\"de\"},{\"@type\":\"BreadcrumbList\",\"@id\":\"https:\\\/\\\/www.madumayu.com\\\/de\\\/blog\\\/#breadcrumb\",\"itemListElement\":[{\"@type\":\"ListItem\",\"position\":1,\"name\":\"Startseite\",\"item\":\"https:\\\/\\\/www.madumayu.com\\\/de\\\/\"},{\"@type\":\"ListItem\",\"position\":2,\"name\":\"Blog\"}]},{\"@type\":\"WebSite\",\"@id\":\"https:\\\/\\\/www.madumayu.com\\\/de\\\/#website\",\"url\":\"https:\\\/\\\/www.madumayu.com\\\/de\\\/\",\"name\":\"MADUMAYU\",\"description\":\"Reisen, Spa\u00df &amp; Hobbies\",\"publisher\":{\"@id\":\"https:\\\/\\\/www.madumayu.com\\\/de\\\/#\\\/schema\\\/person\\\/d197a7c195448226593de90b1e81fde7\"},\"alternateName\":\"\u0e21\u0e32 \u0e14\u0e39 MAYU\",\"potentialAction\":[{\"@type\":\"SearchAction\",\"target\":{\"@type\":\"EntryPoint\",\"urlTemplate\":\"https:\\\/\\\/www.madumayu.com\\\/de\\\/?s={search_term_string}\"},\"query-input\":{\"@type\":\"PropertyValueSpecification\",\"valueRequired\":true,\"valueName\":\"search_term_string\"}}],\"inLanguage\":\"de\"},{\"@type\":[\"Person\",\"Organization\"],\"@id\":\"https:\\\/\\\/www.madumayu.com\\\/de\\\/#\\\/schema\\\/person\\\/d197a7c195448226593de90b1e81fde7\",\"name\":\"Mayu\",\"image\":{\"@type\":\"ImageObject\",\"inLanguage\":\"de\",\"@id\":\"https:\\\/\\\/www.madumayu.com\\\/wp-content\\\/uploads\\\/2025\\\/03\\\/cropped-MaDuMayu-Logo.png\",\"url\":\"https:\\\/\\\/www.madumayu.com\\\/wp-content\\\/uploads\\\/2025\\\/03\\\/cropped-MaDuMayu-Logo.png\",\"contentUrl\":\"https:\\\/\\\/www.madumayu.com\\\/wp-content\\\/uploads\\\/2025\\\/03\\\/cropped-MaDuMayu-Logo.png\",\"width\":512,\"height\":512,\"caption\":\"Mayu\"},\"logo\":{\"@id\":\"https:\\\/\\\/www.madumayu.com\\\/wp-content\\\/uploads\\\/2025\\\/03\\\/cropped-MaDuMayu-Logo.png\"},\"description\":\"Ich bin MAYU \u2013 geboren in Thailand, zuhause in Deutschland. Mit kreativer Neugier und Liebe zum Leben nehme ich dich mit auf meine Reisen, in meinen Alltag und in meine bunte Welt. Bei MADUMAYU teile ich pers\u00f6nliche Geschichten, DIY-Projekte, Rezepte, Reiseideen und Gedanken \u2013 echt, inspirierend und mit Sorgfalt gestaltet.\",\"sameAs\":[\"https:\\\/\\\/www.madumayu.com\",\"https:\\\/\\\/www.facebook.com\\\/MaDuMayu.official\",\"https:\\\/\\\/www.instagram.com\\\/ma_du_mayu\\\/\",\"https:\\\/\\\/www.youtube.com\\\/@madumayu\"]}]}<\/script>\n<!-- \/ Yoast SEO plugin. -->","yoast_head_json":{"title":"Blog | MaDuMayu","description":"Entdecke die neusten Beitr\u00e4ge auf dem MADUMAYU Blog! Lass dich inspirieren, finde hilfreiche Tipps und spannende Inhalte aus allen Kategorien. Jetzt st\u00f6bern und ausprobieren!","robots":{"index":"index","follow":"follow","max-snippet":"max-snippet:-1","max-image-preview":"max-image-preview:large","max-video-preview":"max-video-preview:-1"},"canonical":"https:\/\/www.madumayu.com\/de\/blog\/","og_locale":"de_DE","og_type":"article","og_title":"Blog | MaDuMayu","og_description":"Entdecke die neusten Beitr\u00e4ge auf dem MADUMAYU Blog! Lass dich inspirieren, finde hilfreiche Tipps und spannende Inhalte aus allen Kategorien. Jetzt st\u00f6bern und ausprobieren!","og_url":"https:\/\/www.madumayu.com\/de\/blog\/","og_site_name":"MaDuMayu","article_publisher":"https:\/\/www.facebook.com\/MaDuMayu.official","article_modified_time":"2025-08-03T09:21:42+00:00","og_image":[{"width":1200,"height":675,"url":"https:\/\/www.madumayu.com\/wp-content\/uploads\/2025\/08\/madumayu_standard_post_image-4.jpg","type":"image\/jpeg"}],"twitter_card":"summary_large_image","twitter_misc":{"Gesch\u00e4tzte Lesezeit":"4\u00a0Minuten"},"schema":{"@context":"https:\/\/schema.org","@graph":[{"@type":["WebPage","CollectionPage"],"@id":"https:\/\/www.madumayu.com\/de\/blog\/","url":"https:\/\/www.madumayu.com\/de\/blog\/","name":"Blog | MaDuMayu","isPartOf":{"@id":"https:\/\/www.madumayu.com\/de\/#website"},"datePublished":"2025-08-02T13:10:28+00:00","dateModified":"2025-08-03T09:21:42+00:00","description":"Entdecke die neusten Beitr\u00e4ge auf dem MADUMAYU Blog! Lass dich inspirieren, finde hilfreiche Tipps und spannende Inhalte aus allen Kategorien. Jetzt st\u00f6bern und ausprobieren!","breadcrumb":{"@id":"https:\/\/www.madumayu.com\/de\/blog\/#breadcrumb"},"inLanguage":"de"},{"@type":"BreadcrumbList","@id":"https:\/\/www.madumayu.com\/de\/blog\/#breadcrumb","itemListElement":[{"@type":"ListItem","position":1,"name":"Startseite","item":"https:\/\/www.madumayu.com\/de\/"},{"@type":"ListItem","position":2,"name":"Blog"}]},{"@type":"WebSite","@id":"https:\/\/www.madumayu.com\/de\/#website","url":"https:\/\/www.madumayu.com\/de\/","name":"MADUMAYU","description":"Reisen, Spa\u00df &amp; Hobbies","publisher":{"@id":"https:\/\/www.madumayu.com\/de\/#\/schema\/person\/d197a7c195448226593de90b1e81fde7"},"alternateName":"\u0e21\u0e32 \u0e14\u0e39 MAYU","potentialAction":[{"@type":"SearchAction","target":{"@type":"EntryPoint","urlTemplate":"https:\/\/www.madumayu.com\/de\/?s={search_term_string}"},"query-input":{"@type":"PropertyValueSpecification","valueRequired":true,"valueName":"search_term_string"}}],"inLanguage":"de"},{"@type":["Person","Organization"],"@id":"https:\/\/www.madumayu.com\/de\/#\/schema\/person\/d197a7c195448226593de90b1e81fde7","name":"Mayu","image":{"@type":"ImageObject","inLanguage":"de","@id":"https:\/\/www.madumayu.com\/wp-content\/uploads\/2025\/03\/cropped-MaDuMayu-Logo.png","url":"https:\/\/www.madumayu.com\/wp-content\/uploads\/2025\/03\/cropped-MaDuMayu-Logo.png","contentUrl":"https:\/\/www.madumayu.com\/wp-content\/uploads\/2025\/03\/cropped-MaDuMayu-Logo.png","width":512,"height":512,"caption":"Mayu"},"logo":{"@id":"https:\/\/www.madumayu.com\/wp-content\/uploads\/2025\/03\/cropped-MaDuMayu-Logo.png"},"description":"Ich bin MAYU \u2013 geboren in Thailand, zuhause in Deutschland. Mit kreativer Neugier und Liebe zum Leben nehme ich dich mit auf meine Reisen, in meinen Alltag und in meine bunte Welt. Bei MADUMAYU teile ich pers\u00f6nliche Geschichten, DIY-Projekte, Rezepte, Reiseideen und Gedanken \u2013 echt, inspirierend und mit Sorgfalt gestaltet.","sameAs":["https:\/\/www.madumayu.com","https:\/\/www.facebook.com\/MaDuMayu.official","https:\/\/www.instagram.com\/ma_du_mayu\/","https:\/\/www.youtube.com\/@madumayu"]}]}},"_links":{"self":[{"href":"https:\/\/www.madumayu.com\/de\/wp-json\/wp\/v2\/pages\/963","targetHints":{"allow":["GET"]}}],"collection":[{"href":"https:\/\/www.madumayu.com\/de\/wp-json\/wp\/v2\/pages"}],"about":[{"href":"https:\/\/www.madumayu.com\/de\/wp-json\/wp\/v2\/types\/page"}],"author":[{"embeddable":true,"href":"https:\/\/www.madumayu.com\/de\/wp-json\/wp\/v2\/users\/1"}],"replies":[{"embeddable":true,"href":"https:\/\/www.madumayu.com\/de\/wp-json\/wp\/v2\/comments?post=963"}],"version-history":[{"count":10,"href":"https:\/\/www.madumayu.com\/de\/wp-json\/wp\/v2\/pages\/963\/revisions"}],"predecessor-version":[{"id":1104,"href":"https:\/\/www.madumayu.com\/de\/wp-json\/wp\/v2\/pages\/963\/revisions\/1104"}],"wp:attachment":[{"href":"https:\/\/www.madumayu.com\/de\/wp-json\/wp\/v2\/media?parent=963"}],"curies":[{"name":"wp","href":"https:\/\/api.w.org\/{rel}","templated":true}]}}